{"id":1037,"date":"2024-01-08T18:45:32","date_gmt":"2024-01-08T18:45:32","guid":{"rendered":"https:\/\/www.galinscy.pl\/?post_type=product&#038;p=1037"},"modified":"2025-02-14T15:21:35","modified_gmt":"2025-02-14T15:21:35","slug":"pvc-abdichtungsfolie-folgal-1-typ-ait-1-mm-vlies","status":"publish","type":"product","link":"https:\/\/www.galinscy.pl\/de\/sklep\/abdichtungsfolien\/pvc-abdichtungsfolie-folgal-1-typ-ait-1-mm-vlies\/","title":{"rendered":"PVC-Abdichtungsfolie \u201eFOLGAL-1\u201c Typ AiT \u2013 1 mm + Vlies"},"content":{"rendered":"<p>Anwendung: Zur Feuchtigkeits- und Abdichtung im allgemeinen Bauwesen, im Industriebau, im Gartenbau und in der Landwirtschaft.<br \/>\n(Geomembranen, Hochwasserd\u00e4mme, Deponien, Kl\u00e4ranlagen, Tankstellen, G\u00fcllebeh\u00e4lter, Lagunen, dichte Platten, gro\u00dfe Teiche, Brandschutzbecken usw.)<\/p>\n","protected":false},"excerpt":{"rendered":"<p>Typ: AiT \u00f6l-, s\u00e4ure- und laugenbest\u00e4ndig<br \/>\nFolienst\u00e4rke 1,00 mm<br \/>\nin ein Blech gem\u00e4\u00df den vom Kunden vorgegebenen Ma\u00dfen eingeschwei\u00dft<br \/>\n+ Geotextil 200g\/m\u00b2 in 2m breiten Streifen<br \/>\nmaximale Gr\u00f6\u00dfe 20m x 20m<br \/>\nMindestgr\u00f6\u00dfe 49m\u00b2<br \/>\nGewicht 1m\u00b2 = 1,70 kg<\/p>\n<p>mit Abmessungen gr\u00f6\u00dfer als das Maximum<br \/>\nBitte kontaktieren Sie uns telefonisch: <a href=\"tel:+48 602 684 362\">+48 602 684 362<\/a><\/p>\n","protected":false},"featured_media":998,"template":"","meta":{"_et_pb_use_builder":"off","_et_pb_old_content":"Produktbeschreibung","_et_gb_content_width":""},"product_brand":[],"product_cat":[56],"product_tag":[],"class_list":{"0":"post-1037","1":"product","2":"type-product","3":"status-publish","4":"has-post-thumbnail","6":"product_cat-abdichtungsfolien","8":"first","9":"instock","10":"taxable","11":"shipping-taxable","12":"purchasable","13":"product-type-simple"},"yoast_head":"<!-- This site is optimized with the Yoast SEO plugin v27.4 - https:\/\/yoast.com\/product\/yoast-seo-wordpress\/ -->\n<title>PVC-Abdichtungsfolie \u201eFOLGAL-1\u201c Typ AiT \u2013 1 mm + Vlies - Galinscy.pl<\/title>\n<meta name=\"robots\" content=\"index, follow, max-snippet:-1, max-image-preview:large, max-video-preview:-1\" \/>\n<link rel=\"canonical\" href=\"https:\/\/www.galinscy.pl\/de\/sklep\/abdichtungsfolien\/pvc-abdichtungsfolie-folgal-1-typ-ait-1-mm-vlies\/\" \/>\n<meta property=\"og:locale\" content=\"de_DE\" \/>\n<meta property=\"og:type\" content=\"article\" \/>\n<meta property=\"og:title\" content=\"PVC-Abdichtungsfolie \u201eFOLGAL-1\u201c Typ AiT \u2013 1 mm + Vlies - Galinscy.pl\" \/>\n<meta property=\"og:description\" content=\"Typ: AiT \u00f6l-, s\u00e4ure- und laugenbest\u00e4ndig Folienst\u00e4rke 1,00 mm in ein Blech gem\u00e4\u00df den vom Kunden vorgegebenen Ma\u00dfen eingeschwei\u00dft + Geotextil 200g\/m\u00b2 in 2m breiten Streifen maximale Gr\u00f6\u00dfe 20m x 20m Mindestgr\u00f6\u00dfe 49m\u00b2 Gewicht 1m\u00b2 = 1,70 kg  mit Abmessungen gr\u00f6\u00dfer als das Maximum Bitte kontaktieren Sie uns telefonisch: +48 602 684 362\" \/>\n<meta property=\"og:url\" content=\"https:\/\/www.galinscy.pl\/de\/sklep\/abdichtungsfolien\/pvc-abdichtungsfolie-folgal-1-typ-ait-1-mm-vlies\/\" \/>\n<meta property=\"og:site_name\" content=\"Galinscy.pl\" \/>\n<meta property=\"article:modified_time\" content=\"2025-02-14T15:21:35+00:00\" \/>\n<meta property=\"og:image\" content=\"https:\/\/www.galinscy.pl\/wp-content\/uploads\/2024\/01\/folia-geowloknina.jpg\" \/>\n\t<meta property=\"og:image:width\" content=\"650\" \/>\n\t<meta property=\"og:image:height\" content=\"650\" \/>\n\t<meta property=\"og:image:type\" content=\"image\/jpeg\" \/>\n<meta name=\"twitter:card\" content=\"summary_large_image\" \/>\n<meta name=\"twitter:label1\" content=\"Gesch\u00e4tzte Lesezeit\" \/>\n\t<meta name=\"twitter:data1\" content=\"1\u00a0Minute\" \/>\n<script type=\"application\/ld+json\" class=\"yoast-schema-graph\">{\"@context\":\"https:\\\/\\\/schema.org\",\"@graph\":[{\"@type\":\"WebPage\",\"@id\":\"https:\\\/\\\/www.galinscy.pl\\\/de\\\/sklep\\\/abdichtungsfolien\\\/pvc-abdichtungsfolie-folgal-1-typ-ait-1-mm-vlies\\\/\",\"url\":\"https:\\\/\\\/www.galinscy.pl\\\/de\\\/sklep\\\/abdichtungsfolien\\\/pvc-abdichtungsfolie-folgal-1-typ-ait-1-mm-vlies\\\/\",\"name\":\"PVC-Abdichtungsfolie \u201eFOLGAL-1\u201c Typ AiT \u2013 1 mm + Vlies - Galinscy.pl\",\"isPartOf\":{\"@id\":\"https:\\\/\\\/www.galinscy.pl\\\/de\\\/#website\"},\"primaryImageOfPage\":{\"@id\":\"https:\\\/\\\/www.galinscy.pl\\\/de\\\/sklep\\\/abdichtungsfolien\\\/pvc-abdichtungsfolie-folgal-1-typ-ait-1-mm-vlies\\\/#primaryimage\"},\"image\":{\"@id\":\"https:\\\/\\\/www.galinscy.pl\\\/de\\\/sklep\\\/abdichtungsfolien\\\/pvc-abdichtungsfolie-folgal-1-typ-ait-1-mm-vlies\\\/#primaryimage\"},\"thumbnailUrl\":\"https:\\\/\\\/www.galinscy.pl\\\/wp-content\\\/uploads\\\/2024\\\/01\\\/folia-geowloknina.jpg\",\"datePublished\":\"2024-01-08T18:45:32+00:00\",\"dateModified\":\"2025-02-14T15:21:35+00:00\",\"breadcrumb\":{\"@id\":\"https:\\\/\\\/www.galinscy.pl\\\/de\\\/sklep\\\/abdichtungsfolien\\\/pvc-abdichtungsfolie-folgal-1-typ-ait-1-mm-vlies\\\/#breadcrumb\"},\"inLanguage\":\"de\",\"potentialAction\":[{\"@type\":\"ReadAction\",\"target\":[\"https:\\\/\\\/www.galinscy.pl\\\/de\\\/sklep\\\/abdichtungsfolien\\\/pvc-abdichtungsfolie-folgal-1-typ-ait-1-mm-vlies\\\/\"]}]},{\"@type\":\"ImageObject\",\"inLanguage\":\"de\",\"@id\":\"https:\\\/\\\/www.galinscy.pl\\\/de\\\/sklep\\\/abdichtungsfolien\\\/pvc-abdichtungsfolie-folgal-1-typ-ait-1-mm-vlies\\\/#primaryimage\",\"url\":\"https:\\\/\\\/www.galinscy.pl\\\/wp-content\\\/uploads\\\/2024\\\/01\\\/folia-geowloknina.jpg\",\"contentUrl\":\"https:\\\/\\\/www.galinscy.pl\\\/wp-content\\\/uploads\\\/2024\\\/01\\\/folia-geowloknina.jpg\",\"width\":650,\"height\":650},{\"@type\":\"BreadcrumbList\",\"@id\":\"https:\\\/\\\/www.galinscy.pl\\\/de\\\/sklep\\\/abdichtungsfolien\\\/pvc-abdichtungsfolie-folgal-1-typ-ait-1-mm-vlies\\\/#breadcrumb\",\"itemListElement\":[{\"@type\":\"ListItem\",\"position\":1,\"name\":\"Strona g\u0142\u00f3wna\",\"item\":\"https:\\\/\\\/www.galinscy.pl\\\/de\\\/\"},{\"@type\":\"ListItem\",\"position\":2,\"name\":\"Sklep\",\"item\":\"https:\\\/\\\/www.galinscy.pl\\\/sklep\\\/\"},{\"@type\":\"ListItem\",\"position\":3,\"name\":\"PVC-Abdichtungsfolie \u201eFOLGAL-1\u201c Typ AiT \u2013 1 mm + Vlies\"}]},{\"@type\":\"WebSite\",\"@id\":\"https:\\\/\\\/www.galinscy.pl\\\/de\\\/#website\",\"url\":\"https:\\\/\\\/www.galinscy.pl\\\/de\\\/\",\"name\":\"Galinscy.pl\",\"description\":\"folie Izolacyjne, geow\u0142&oacute;kniny i folie na oczka wodne\",\"potentialAction\":[{\"@type\":\"SearchAction\",\"target\":{\"@type\":\"EntryPoint\",\"urlTemplate\":\"https:\\\/\\\/www.galinscy.pl\\\/de\\\/?s={search_term_string}\"},\"query-input\":{\"@type\":\"PropertyValueSpecification\",\"valueRequired\":true,\"valueName\":\"search_term_string\"}}],\"inLanguage\":\"de\"}]}<\/script>\n<!-- \/ Yoast SEO plugin. -->","yoast_head_json":{"title":"PVC-Abdichtungsfolie \u201eFOLGAL-1\u201c Typ AiT \u2013 1 mm + Vlies - Galinscy.pl","robots":{"index":"index","follow":"follow","max-snippet":"max-snippet:-1","max-image-preview":"max-image-preview:large","max-video-preview":"max-video-preview:-1"},"canonical":"https:\/\/www.galinscy.pl\/de\/sklep\/abdichtungsfolien\/pvc-abdichtungsfolie-folgal-1-typ-ait-1-mm-vlies\/","og_locale":"de_DE","og_type":"article","og_title":"PVC-Abdichtungsfolie \u201eFOLGAL-1\u201c Typ AiT \u2013 1 mm + Vlies - Galinscy.pl","og_description":"Typ: AiT \u00f6l-, s\u00e4ure- und laugenbest\u00e4ndig Folienst\u00e4rke 1,00 mm in ein Blech gem\u00e4\u00df den vom Kunden vorgegebenen Ma\u00dfen eingeschwei\u00dft + Geotextil 200g\/m\u00b2 in 2m breiten Streifen maximale Gr\u00f6\u00dfe 20m x 20m Mindestgr\u00f6\u00dfe 49m\u00b2 Gewicht 1m\u00b2 = 1,70 kg  mit Abmessungen gr\u00f6\u00dfer als das Maximum Bitte kontaktieren Sie uns telefonisch: +48 602 684 362","og_url":"https:\/\/www.galinscy.pl\/de\/sklep\/abdichtungsfolien\/pvc-abdichtungsfolie-folgal-1-typ-ait-1-mm-vlies\/","og_site_name":"Galinscy.pl","article_modified_time":"2025-02-14T15:21:35+00:00","og_image":[{"width":650,"height":650,"url":"https:\/\/www.galinscy.pl\/wp-content\/uploads\/2024\/01\/folia-geowloknina.jpg","type":"image\/jpeg"}],"twitter_card":"summary_large_image","twitter_misc":{"Gesch\u00e4tzte Lesezeit":"1\u00a0Minute"},"schema":{"@context":"https:\/\/schema.org","@graph":[{"@type":"WebPage","@id":"https:\/\/www.galinscy.pl\/de\/sklep\/abdichtungsfolien\/pvc-abdichtungsfolie-folgal-1-typ-ait-1-mm-vlies\/","url":"https:\/\/www.galinscy.pl\/de\/sklep\/abdichtungsfolien\/pvc-abdichtungsfolie-folgal-1-typ-ait-1-mm-vlies\/","name":"PVC-Abdichtungsfolie \u201eFOLGAL-1\u201c Typ AiT \u2013 1 mm + Vlies - Galinscy.pl","isPartOf":{"@id":"https:\/\/www.galinscy.pl\/de\/#website"},"primaryImageOfPage":{"@id":"https:\/\/www.galinscy.pl\/de\/sklep\/abdichtungsfolien\/pvc-abdichtungsfolie-folgal-1-typ-ait-1-mm-vlies\/#primaryimage"},"image":{"@id":"https:\/\/www.galinscy.pl\/de\/sklep\/abdichtungsfolien\/pvc-abdichtungsfolie-folgal-1-typ-ait-1-mm-vlies\/#primaryimage"},"thumbnailUrl":"https:\/\/www.galinscy.pl\/wp-content\/uploads\/2024\/01\/folia-geowloknina.jpg","datePublished":"2024-01-08T18:45:32+00:00","dateModified":"2025-02-14T15:21:35+00:00","breadcrumb":{"@id":"https:\/\/www.galinscy.pl\/de\/sklep\/abdichtungsfolien\/pvc-abdichtungsfolie-folgal-1-typ-ait-1-mm-vlies\/#breadcrumb"},"inLanguage":"de","potentialAction":[{"@type":"ReadAction","target":["https:\/\/www.galinscy.pl\/de\/sklep\/abdichtungsfolien\/pvc-abdichtungsfolie-folgal-1-typ-ait-1-mm-vlies\/"]}]},{"@type":"ImageObject","inLanguage":"de","@id":"https:\/\/www.galinscy.pl\/de\/sklep\/abdichtungsfolien\/pvc-abdichtungsfolie-folgal-1-typ-ait-1-mm-vlies\/#primaryimage","url":"https:\/\/www.galinscy.pl\/wp-content\/uploads\/2024\/01\/folia-geowloknina.jpg","contentUrl":"https:\/\/www.galinscy.pl\/wp-content\/uploads\/2024\/01\/folia-geowloknina.jpg","width":650,"height":650},{"@type":"BreadcrumbList","@id":"https:\/\/www.galinscy.pl\/de\/sklep\/abdichtungsfolien\/pvc-abdichtungsfolie-folgal-1-typ-ait-1-mm-vlies\/#breadcrumb","itemListElement":[{"@type":"ListItem","position":1,"name":"Strona g\u0142\u00f3wna","item":"https:\/\/www.galinscy.pl\/de\/"},{"@type":"ListItem","position":2,"name":"Sklep","item":"https:\/\/www.galinscy.pl\/sklep\/"},{"@type":"ListItem","position":3,"name":"PVC-Abdichtungsfolie \u201eFOLGAL-1\u201c Typ AiT \u2013 1 mm + Vlies"}]},{"@type":"WebSite","@id":"https:\/\/www.galinscy.pl\/de\/#website","url":"https:\/\/www.galinscy.pl\/de\/","name":"Galinscy.pl","description":"folie Izolacyjne, geow\u0142&oacute;kniny i folie na oczka wodne","potentialAction":[{"@type":"SearchAction","target":{"@type":"EntryPoint","urlTemplate":"https:\/\/www.galinscy.pl\/de\/?s={search_term_string}"},"query-input":{"@type":"PropertyValueSpecification","valueRequired":true,"valueName":"search_term_string"}}],"inLanguage":"de"}]}},"_links":{"self":[{"href":"https:\/\/www.galinscy.pl\/de\/wp-json\/wp\/v2\/product\/1037","targetHints":{"allow":["GET"]}}],"collection":[{"href":"https:\/\/www.galinscy.pl\/de\/wp-json\/wp\/v2\/product"}],"about":[{"href":"https:\/\/www.galinscy.pl\/de\/wp-json\/wp\/v2\/types\/product"}],"wp:featuredmedia":[{"embeddable":true,"href":"https:\/\/www.galinscy.pl\/de\/wp-json\/wp\/v2\/media\/998"}],"wp:attachment":[{"href":"https:\/\/www.galinscy.pl\/de\/wp-json\/wp\/v2\/media?parent=1037"}],"wp:term":[{"taxonomy":"product_brand","embeddable":true,"href":"https:\/\/www.galinscy.pl\/de\/wp-json\/wp\/v2\/product_brand?post=1037"},{"taxonomy":"product_cat","embeddable":true,"href":"https:\/\/www.galinscy.pl\/de\/wp-json\/wp\/v2\/product_cat?post=1037"},{"taxonomy":"product_tag","embeddable":true,"href":"https:\/\/www.galinscy.pl\/de\/wp-json\/wp\/v2\/product_tag?post=1037"}],"curies":[{"name":"wp","href":"https:\/\/api.w.org\/{rel}","templated":true}]}}