{"id":424,"date":"2023-11-02T10:57:07","date_gmt":"2023-11-02T10:57:07","guid":{"rendered":"https:\/\/www.galinscy.pl\/datenschutzbestimmungen\/"},"modified":"2023-11-15T08:59:24","modified_gmt":"2023-11-15T08:59:24","slug":"datenschutzbestimmungen","status":"publish","type":"page","link":"https:\/\/www.galinscy.pl\/de\/datenschutzbestimmungen\/","title":{"rendered":"Datenschutzbestimmungen"},"content":{"rendered":"<p>[et_pb_section fb_built=&#8220;1&#8243; _builder_version=&#8220;4.23&#8243; _module_preset=&#8220;default&#8220; global_colors_info=&#8220;{}&#8220; theme_builder_area=&#8220;post_content&#8220;][et_pb_row make_equal=&#8220;on&#8220; _builder_version=&#8220;4.23&#8243; _module_preset=&#8220;default&#8220; global_colors_info=&#8220;{}&#8220; theme_builder_area=&#8220;post_content&#8220;][et_pb_column type=&#8220;4_4&#8243; _builder_version=&#8220;4.23&#8243; _module_preset=&#8220;default&#8220; global_colors_info=&#8220;{}&#8220; theme_builder_area=&#8220;post_content&#8220;][et_pb_text _builder_version=&#8220;4.23&#8243; _module_preset=&#8220;0f0b73dd-9552-45e0-8508-d25a28b8a683&#8243; hover_enabled=&#8220;0&#8243; global_colors_info=&#8220;{}&#8220; theme_builder_area=&#8220;post_content&#8220; sticky_enabled=&#8220;0&#8243;]<\/p>\n<h1><span class=\"a4-larger\">Datenschutzbestimmungen<\/span><\/h1>\n<p>[\/et_pb_text][et_pb_text module_class=&#8220;regulamin&#8220; _builder_version=&#8220;4.23&#8243; _module_preset=&#8220;default&#8220; hover_enabled=&#8220;0&#8243; global_colors_info=&#8220;{}&#8220; theme_builder_area=&#8220;post_content&#8220; sticky_enabled=&#8220;0&#8243;]<\/p>\n<h2>In der Datenschutzerkl\u00e4rung wird beschrieben, wie wir Informationen \u00fcber Sie, einschlie\u00dflich personenbezogener Daten und Cookies, oder sogenannte &#8222;Cookies&#8220;, verarbeiten. Kekse.<\/h2>\n<div class=\"lh166\">\n<h2 class=\"pb-12\"><strong>1. allgemeine Informationen<\/strong><\/h2>\n<ol>\n<li>Diese Politik gilt f\u00fcr die Website, die unter der URL<span> <\/span><b>galinscy.pl<\/b> betrieben wird<b>.<\/b><\/li>\n<li>Der Betreiber des Dienstes und der Verwalter der personenbezogenen Daten ist: Przedsi\u0119biorswo Handlowo Produkcyjno Us\u0142ugowe GALI\u0143SCY Roman, Adriana Gali\u0144scy Sp\u00f3\u0142ka Cywilna 46-200 Kluczbork ul. Powsta\u0144c\u00f3w \u015aL. 30<\/li>\n<li>E-Mail-Kontaktadresse des Betreibers: kontakt@galinscy.pl<\/li>\n<li>Der Betreiber ist der Verwalter Ihrer pers\u00f6nlichen Daten in Bezug auf die Daten, die Sie freiwillig auf der Website angeben.<\/li>\n<li>Der Dienst verwendet personenbezogene Daten f\u00fcr die folgenden Zwecke:<\/li>\n<\/ol>\n<ul>\n<li>Bearbeitung von Anfragen \u00fcber das Formular<\/li>\n<li>Vorbereitung, Verpackung, Versand von Waren<\/li>\n<li>Erbringung der gew\u00fcnschten Dienstleistungen<\/li>\n<li>Pr\u00e4sentation eines Angebots oder einer Information<\/li>\n<\/ul>\n<li>Der Dienst f\u00fchrt Funktionen aus, um Informationen \u00fcber die Nutzer und ihr Verhalten auf folgende Weise zu erhalten:\n<ol>\n<li>Durch die freiwillig in die Formulare eingegebenen Daten, die in die Systeme des Betreibers eingegeben werden.<\/li>\n<li>Durch die Speicherung von Cookies (sog. &#8222;Cookies&#8220;) auf den Endger\u00e4ten.<\/li>\n<\/ol>\n<\/li>\n<h2 class=\"pb-12\"><strong>2. ausgew\u00e4hlte Datenschutzmethoden des Betreibers<\/strong><\/h2>\n<ol>\n<li>Die Bereiche Login und pers\u00f6nliche Dateneingabe sind in der \u00dcbertragungsschicht gesch\u00fctzt (SSL-Zertifikat). Dadurch wird sichergestellt, dass die auf der Website eingegebenen pers\u00f6nlichen Daten und Anmeldedaten auf dem Computer des Benutzers verschl\u00fcsselt werden und nur auf dem Zielserver gelesen werden k\u00f6nnen.<\/li>\n<li>Benutzerpassw\u00f6rter werden in gehashter Form gespeichert. Die Hash-Funktion arbeitet unidirektional, d. h. es ist nicht m\u00f6glich, ihre Funktion umzukehren, was heute der Standard f\u00fcr die Speicherung von Benutzerpassw\u00f6rtern ist.<\/li>\n<li>Um die Daten zu sch\u00fctzen, erstellt der Betreiber regelm\u00e4\u00dfig Sicherungskopien.<\/li>\n<\/ol>\n<h2 class=\"pb-12\"><strong>3. das Hosting<\/strong><\/h2>\n<ol>\n<li>Der Dienst wird auf den Servern des Betreibers gehostet (technisch gewartet): zenbox.pl<\/li>\n<\/ol>\n<h2 class=\"pb-12\"><strong>4. Ihre Rechte und zus\u00e4tzliche Informationen \u00fcber die Verwendung Ihrer Daten<\/strong><\/h2>\n<ol>\n<li>In bestimmten Situationen hat der Verwalter das Recht, Ihre personenbezogenen Daten an andere Empf\u00e4nger zu \u00fcbermitteln, wenn dies f\u00fcr die Erf\u00fcllung eines mit Ihnen geschlossenen Vertrags oder f\u00fcr die Erf\u00fcllung der dem Verwalter obliegenden Verpflichtungen erforderlich ist. Dies gilt f\u00fcr diese Publikumsgruppen:\n<ul>\n<li>Hosting-Unternehmen auf delegierter Basis<\/li>\n<li>autorisierte Mitarbeiter und Partner, die die Daten zur Erf\u00fcllung des Zwecks der Website verwenden<\/li>\n<\/ul>\n<\/li>\n<li>Ihre personenbezogenen Daten werden vom Verwalter nur so lange verarbeitet, wie es f\u00fcr die Durchf\u00fchrung der damit verbundenen, in gesonderten Vorschriften festgelegten T\u00e4tigkeiten (z. B. zur Buchf\u00fchrung) erforderlich ist. Was die Marketingdaten betrifft, so werden diese nicht l\u00e4nger als 3 Jahre verarbeitet.<\/li>\n<li>Sie haben das Recht, sich an den Verwalter zu wenden:\n<ul>\n<li>Zugang zu den Sie betreffenden personenbezogenen Daten,<\/li>\n<li>ihre Berichtigung,<\/li>\n<li>L\u00f6schungen,<\/li>\n<li>Einschr\u00e4nkung der Verarbeitung,<\/li>\n<li>und Daten\u00fcbertragbarkeit.<\/li>\n<\/ul>\n<\/li>\n<li>Sie haben das Recht, der unter 3.3 c) genannten Verarbeitung Ihrer personenbezogenen Daten zur Wahrung der berechtigten Interessen des f\u00fcr die Verarbeitung Verantwortlichen, einschlie\u00dflich des Profilings, zu widersprechen, wobei das Widerspruchsrecht nicht ausge\u00fcbt werden kann, wenn berechtigte Gr\u00fcnde f\u00fcr die Verarbeitung vorliegen, die Ihre Interessen, Rechte und Freiheiten \u00fcberwiegen, insbesondere die Feststellung, Geltendmachung oder Verteidigung von Anspr\u00fcchen.<\/li>\n<li>Gegen die Handlungen des Verwalters kann beim Pr\u00e4sidenten des Amtes f\u00fcr den Schutz personenbezogener Daten Beschwerde eingelegt werden. Stawki 2, 00-193 Warschau.<\/li>\n<li>Die Angabe von personenbezogenen Daten ist freiwillig, aber f\u00fcr den Betrieb des Dienstes erforderlich.<\/li>\n<li>Eine automatisierte Entscheidungsfindung, einschlie\u00dflich Profiling, kann in Bezug auf Sie zum Zweck der Erbringung von Dienstleistungen im Rahmen des geschlossenen Vertrags und zum Zweck der Direktwerbung durch den Verwalter erfolgen.<\/li>\n<li>Personenbezogene Daten werden nicht aus Drittl\u00e4ndern im Sinne der Datenschutzgesetzgebung \u00fcbermittelt. Das bedeutet, dass wir sie nicht in L\u00e4nder au\u00dferhalb der Europ\u00e4ischen Union versenden.<\/li>\n<\/ol>\n<h2 class=\"pb-12\"><strong>5. Informationen in den Formularen<\/strong><\/h2>\n<ol>\n<li>Die Website sammelt Informationen, die der Nutzer freiwillig zur Verf\u00fcgung stellt, einschlie\u00dflich personenbezogener Daten, sofern diese zur Verf\u00fcgung gestellt werden.<\/li>\n<li>Der Dienst kann Informationen \u00fcber die Verbindungsparameter (Zeitstempel, IP-Adresse) speichern.<\/li>\n<li>In einigen F\u00e4llen kann der Dienst Informationen aufzeichnen, um die Daten im Formular mit der E-Mail-Adresse des Benutzers, der das Formular ausf\u00fcllt, zu verkn\u00fcpfen. In diesem Fall erscheint die E-Mail-Adresse des Benutzers innerhalb der URL der Seite, die das Formular enth\u00e4lt.<\/li>\n<li>Die im Formular angegebenen Daten werden zu dem Zweck verarbeitet, der sich aus der Funktion des jeweiligen Formulars ergibt, z. B. zur Bearbeitung einer Dienstleistungsanfrage oder eines Gesch\u00e4ftskontakts, zur Registrierung von Dienstleistungen usw. In jedem Fall geht aus dem Kontext und der Beschreibung des Formulars klar hervor, wof\u00fcr es bestimmt ist.<\/li>\n<\/ol>\n<h2 class=\"pb-12\"><strong>6 Administratorprotokolle<\/strong><\/h2>\n<ol>\n<li>Die Informationen \u00fcber das Nutzerverhalten auf der Website k\u00f6nnen protokolliert werden. Diese Daten werden f\u00fcr die Verwaltung der Website verwendet.<\/li>\n<\/ol>\n<h2 class=\"pb-12\"><strong>7 Relevante Marketingtechniken<\/strong><\/h2>\n<ol>\n<li>Der Betreiber nutzt die statistische Auswertung des Website-Verkehrs mittels Google Analytics (Google Inc., mit Sitz in den USA). Der Betreiber \u00fcbermittelt keine personenbezogenen Daten an den Betreiber dieses Dienstes, sondern nur anonymisierte Informationen. Der Dienst basiert auf der Verwendung von Cookies auf dem Endger\u00e4t des Nutzers. Was die vom Google-Werbenetzwerk gesammelten Informationen \u00fcber die Nutzerpr\u00e4ferenzen betrifft, so kann der Nutzer die aus den Cookies resultierenden Informationen mit dem folgenden Tool einsehen und bearbeiten: https:\/\/www.google.com\/ads\/preferences\/.<\/li>\n<\/ol>\n<h2 class=\"pb-12\"><strong>8 Informationen \u00fcber Cookies<\/strong><\/h2>\n<ol>\n<li>Die Website verwendet Cookies.<\/li>\n<li>Cookies (sog. &#8222;Kekse&#8220;) sind IT-Daten, insbesondere Textdateien, die auf dem Endger\u00e4t des Nutzers des Dienstes gespeichert werden und f\u00fcr die Nutzung der Websites des Dienstes bestimmt sind. Cookies enthalten in der Regel den Namen der Website, von der sie stammen, die Dauer der Speicherung auf dem Endger\u00e4t und eine eindeutige Nummer.<\/li>\n<li>Die Stelle, die Cookies auf dem Endger\u00e4t des Nutzers platziert und auf sie zugreift, ist der Betreiber des Dienstes.<\/li>\n<li>Cookies werden f\u00fcr die folgenden Zwecke verwendet:\n<ol>\n<li>Aufrechterhaltung einer Sitzung des Website-Benutzers (nach dem Einloggen), dank derer der Benutzer sein Login und sein Passwort nicht auf jeder Unterseite der Website erneut eingeben muss;<\/li>\n<li>um die oben unter &#8222;Wesentliche Marketingtechniken&#8220; genannten Ziele zu erreichen;<\/li>\n<\/ol>\n<\/li>\n<li>Die Website verwendet zwei Haupttypen von Cookies: &#8222;Sitzungscookies&#8220; und &#8222;permanente Cookies&#8220; (dauerhafte Cookies). &#8222;Session&#8220;-Cookies sind tempor\u00e4re Dateien, die auf dem Endger\u00e4t des Nutzers gespeichert werden, bis sich der Nutzer abmeldet, die Website verl\u00e4sst oder die Software (Webbrowser) ausschaltet. &#8222;Permanente&#8220; Cookies werden auf dem Endger\u00e4t des Nutzers f\u00fcr die in den Parametern der Cookies angegebene Zeit oder bis zu ihrer L\u00f6schung durch den Nutzer gespeichert.<\/li>\n<li>Die Web-Browsing-Software (Webbrowser) erlaubt in der Regel standardm\u00e4\u00dfig die Speicherung von Cookies auf dem Endger\u00e4t des Nutzers. Die Nutzer des Dienstes k\u00f6nnen ihre diesbez\u00fcglichen Einstellungen \u00e4ndern. Ihr Webbrowser erm\u00f6glicht es Ihnen, Cookies zu l\u00f6schen. Es ist auch m\u00f6glich, Cookies automatisch zu blockieren. Einzelheiten hierzu entnehmen Sie bitte der Hilfe oder Dokumentation Ihres Browsers.<\/li>\n<li>Einschr\u00e4nkungen bei der Verwendung von Cookies k\u00f6nnen einige der auf der Website verf\u00fcgbaren Funktionen beeintr\u00e4chtigen.<\/li>\n<li>Die im Endger\u00e4t des Nutzers des Dienstes platzierten Cookies k\u00f6nnen auch von Einrichtungen verwendet werden, die mit dem Betreiber des Dienstes zusammenarbeiten, insbesondere von Unternehmen: Google (Google Inc. mit Sitz in den USA), Facebook (Facebook Inc. mit Sitz in den USA), Twitter (Twitter Inc. mit Sitz in den USA).<\/li>\n<\/ol>\n<h2 class=\"pb-12\"><strong>9. die Verwaltung von Cookies &#8211; wie wird die Zustimmung in der Praxis erteilt und zur\u00fcckgezogen?<\/strong><\/h2>\n<ol>\n<li>Wenn Sie keine Cookies erhalten m\u00f6chten, k\u00f6nnen Sie Ihre Browsereinstellungen \u00e4ndern. Bitte beachten Sie, dass die Deaktivierung von Cookies, die f\u00fcr Authentifizierungsprozesse, die Sicherheit und die Beibehaltung von Benutzerpr\u00e4ferenzen unerl\u00e4sslich sind, die Nutzung der Websites erschweren und in extremen F\u00e4llen unm\u00f6glich machen kann.<\/li>\n<li>Um Ihre Cookie-Einstellungen zu verwalten, w\u00e4hlen Sie den von Ihnen verwendeten Webbrowser aus der nachstehenden Liste aus und folgen Sie den Anweisungen:\n<ul>\n<li><a href=\"https:\/\/support.microsoft.com\/pl-pl\/help\/10607\/microsoft-edge-view-delete-browser-history\">Kante<\/a><\/li>\n<li><a href=\"https:\/\/support.microsoft.com\/pl-pl\/help\/278835\/how-to-delete-cookie-files-in-internet-explorer\">Internet Explorer<\/a><\/li>\n<li><a href=\"http:\/\/support.google.com\/chrome\/bin\/answer.py?hl=pl&amp;answer=95647\">Chrom<\/a><\/li>\n<li><a href=\"http:\/\/support.apple.com\/kb\/PH5042\">Safari<\/a><\/li>\n<li><a href=\"http:\/\/support.mozilla.org\/pl\/kb\/W%C5%82%C4%85czanie%20i%20wy%C5%82%C4%85czanie%20obs%C5%82ugi%20ciasteczek\">Firefox<\/a><\/li>\n<li><a href=\"http:\/\/help.opera.com\/Windows\/12.10\/pl\/cookies.html\">Oper<\/a><\/li>\n<\/ul>\n<p>Mobile Ger\u00e4te:<\/p>\n<ul>\n<li><a href=\"http:\/\/support.google.com\/chrome\/bin\/answer.py?hl=pl&amp;answer=95647\">Android<\/a><\/li>\n<li><a href=\"http:\/\/support.apple.com\/kb\/HT1677?viewlocale=pl_PL\">Safari (iOS)<\/a><\/li>\n<li><a href=\"http:\/\/www.windowsphone.com\/pl-pl\/how-to\/wp7\/web\/changing-privacy-and-other-browser-settings\">Windows Phone<\/a><\/li>\n<\/ul>\n<\/li>\n<\/ol>\n<div class=\"disclaimer pt-36\">\n<p>Diese Musterpolice wurde kostenlos und zu Informationszwecken auf der Grundlage unseres Wissens, der Branchenpraxis und der zum 14.08.2018 geltenden Gesetzgebung erstellt. Wir empfehlen, die Richtlinienvorlage zu \u00fcberpr\u00fcfen, bevor Sie sie auf der Website verwenden. Die Vorlage basiert auf den am h\u00e4ufigsten vorkommenden Situationen auf Websites, spiegelt aber m\u00f6glicherweise nicht die vollst\u00e4ndigen und genauen Besonderheiten Ihrer Website wider. Lesen Sie das erstellte Dokument sorgf\u00e4ltig durch und passen Sie es gegebenenfalls an Ihre Situation an oder lassen Sie sich rechtlich beraten. Wir \u00fcbernehmen keine Verantwortung f\u00fcr die Folgen der Verwendung dieses Dokuments, da nur Sie in der Lage sind, die Richtigkeit aller darin enthaltenen Informationen zu \u00fcberpr\u00fcfen. Beachten Sie auch, dass die Datenschutzpolitik, selbst die beste, nur ein Teil Ihrer Sorge um die pers\u00f6nlichen Daten und die Privatsph\u00e4re der Nutzer auf der Website ist.<\/p>\n<\/div>\n<\/div>\n<p>[\/et_pb_text][\/et_pb_column][\/et_pb_row][\/et_pb_section]<\/p>\n","protected":false},"excerpt":{"rendered":"<p>DatenschutzbestimmungenIn der Datenschutzerkl\u00e4rung wird beschrieben, wie wir Informationen \u00fcber Sie, einschlie\u00dflich personenbezogener Daten und Cookies, oder sogenannte &#8222;Cookies&#8220;, verarbeiten. Kekse. 1. allgemeine Informationen Diese Politik gilt f\u00fcr die Website, die unter der URL galinscy.pl betrieben wird. Der Betreiber des Dienstes und der Verwalter der personenbezogenen Daten ist: Przedsi\u0119biorswo Handlowo Produkcyjno Us\u0142ugowe GALI\u0143SCY Roman, Adriana Gali\u0144scy [&hellip;]<\/p>\n","protected":false},"author":1,"featured_media":0,"parent":0,"menu_order":0,"comment_status":"closed","ping_status":"closed","template":"","meta":{"_et_pb_use_builder":"on","_et_pb_old_content":"","_et_gb_content_width":"","footnotes":""},"class_list":["post-424","page","type-page","status-publish","hentry"],"yoast_head":"<!-- This site is optimized with the Yoast SEO plugin v27.6 - https:\/\/yoast.com\/product\/yoast-seo-wordpress\/ -->\n<title>Datenschutzbestimmungen - Galinscy.pl<\/title>\n<meta name=\"robots\" content=\"index, follow, max-snippet:-1, max-image-preview:large, max-video-preview:-1\" \/>\n<link rel=\"canonical\" href=\"https:\/\/www.galinscy.pl\/de\/datenschutzbestimmungen\/\" \/>\n<meta property=\"og:locale\" content=\"de_DE\" \/>\n<meta property=\"og:type\" content=\"article\" \/>\n<meta property=\"og:title\" content=\"Datenschutzbestimmungen - Galinscy.pl\" \/>\n<meta property=\"og:description\" content=\"DatenschutzbestimmungenIn der Datenschutzerkl\u00e4rung wird beschrieben, wie wir Informationen \u00fcber Sie, einschlie\u00dflich personenbezogener Daten und Cookies, oder sogenannte &quot;Cookies&quot;, verarbeiten. Kekse. 1. allgemeine Informationen Diese Politik gilt f\u00fcr die Website, die unter der URL galinscy.pl betrieben wird. Der Betreiber des Dienstes und der Verwalter der personenbezogenen Daten ist: Przedsi\u0119biorswo Handlowo Produkcyjno Us\u0142ugowe GALI\u0143SCY Roman, Adriana Gali\u0144scy [&hellip;]\" \/>\n<meta property=\"og:url\" content=\"https:\/\/www.galinscy.pl\/de\/datenschutzbestimmungen\/\" \/>\n<meta property=\"og:site_name\" content=\"Galinscy.pl\" \/>\n<meta property=\"article:modified_time\" content=\"2023-11-15T08:59:24+00:00\" \/>\n<meta name=\"twitter:card\" content=\"summary_large_image\" \/>\n<meta name=\"twitter:label1\" content=\"Gesch\u00e4tzte Lesezeit\" \/>\n\t<meta name=\"twitter:data1\" content=\"8\u00a0Minuten\" \/>\n<script type=\"application\/ld+json\" class=\"yoast-schema-graph\">{\"@context\":\"https:\\\/\\\/schema.org\",\"@graph\":[{\"@type\":\"WebPage\",\"@id\":\"https:\\\/\\\/www.galinscy.pl\\\/de\\\/datenschutzbestimmungen\\\/\",\"url\":\"https:\\\/\\\/www.galinscy.pl\\\/de\\\/datenschutzbestimmungen\\\/\",\"name\":\"Datenschutzbestimmungen - Galinscy.pl\",\"isPartOf\":{\"@id\":\"https:\\\/\\\/www.galinscy.pl\\\/de\\\/#website\"},\"datePublished\":\"2023-11-02T10:57:07+00:00\",\"dateModified\":\"2023-11-15T08:59:24+00:00\",\"breadcrumb\":{\"@id\":\"https:\\\/\\\/www.galinscy.pl\\\/de\\\/datenschutzbestimmungen\\\/#breadcrumb\"},\"inLanguage\":\"de\",\"potentialAction\":[{\"@type\":\"ReadAction\",\"target\":[\"https:\\\/\\\/www.galinscy.pl\\\/de\\\/datenschutzbestimmungen\\\/\"]}]},{\"@type\":\"BreadcrumbList\",\"@id\":\"https:\\\/\\\/www.galinscy.pl\\\/de\\\/datenschutzbestimmungen\\\/#breadcrumb\",\"itemListElement\":[{\"@type\":\"ListItem\",\"position\":1,\"name\":\"Strona g\u0142\u00f3wna\",\"item\":\"https:\\\/\\\/www.galinscy.pl\\\/de\\\/\"},{\"@type\":\"ListItem\",\"position\":2,\"name\":\"Datenschutzbestimmungen\"}]},{\"@type\":\"WebSite\",\"@id\":\"https:\\\/\\\/www.galinscy.pl\\\/de\\\/#website\",\"url\":\"https:\\\/\\\/www.galinscy.pl\\\/de\\\/\",\"name\":\"Galinscy.pl\",\"description\":\"folie Izolacyjne, geow\u0142&oacute;kniny i folie na oczka wodne\",\"potentialAction\":[{\"@type\":\"SearchAction\",\"target\":{\"@type\":\"EntryPoint\",\"urlTemplate\":\"https:\\\/\\\/www.galinscy.pl\\\/de\\\/?s={search_term_string}\"},\"query-input\":{\"@type\":\"PropertyValueSpecification\",\"valueRequired\":true,\"valueName\":\"search_term_string\"}}],\"inLanguage\":\"de\"}]}<\/script>\n<!-- \/ Yoast SEO plugin. -->","yoast_head_json":{"title":"Datenschutzbestimmungen - Galinscy.pl","robots":{"index":"index","follow":"follow","max-snippet":"max-snippet:-1","max-image-preview":"max-image-preview:large","max-video-preview":"max-video-preview:-1"},"canonical":"https:\/\/www.galinscy.pl\/de\/datenschutzbestimmungen\/","og_locale":"de_DE","og_type":"article","og_title":"Datenschutzbestimmungen - Galinscy.pl","og_description":"DatenschutzbestimmungenIn der Datenschutzerkl\u00e4rung wird beschrieben, wie wir Informationen \u00fcber Sie, einschlie\u00dflich personenbezogener Daten und Cookies, oder sogenannte \"Cookies\", verarbeiten. Kekse. 1. allgemeine Informationen Diese Politik gilt f\u00fcr die Website, die unter der URL galinscy.pl betrieben wird. Der Betreiber des Dienstes und der Verwalter der personenbezogenen Daten ist: Przedsi\u0119biorswo Handlowo Produkcyjno Us\u0142ugowe GALI\u0143SCY Roman, Adriana Gali\u0144scy [&hellip;]","og_url":"https:\/\/www.galinscy.pl\/de\/datenschutzbestimmungen\/","og_site_name":"Galinscy.pl","article_modified_time":"2023-11-15T08:59:24+00:00","twitter_card":"summary_large_image","twitter_misc":{"Gesch\u00e4tzte Lesezeit":"8\u00a0Minuten"},"schema":{"@context":"https:\/\/schema.org","@graph":[{"@type":"WebPage","@id":"https:\/\/www.galinscy.pl\/de\/datenschutzbestimmungen\/","url":"https:\/\/www.galinscy.pl\/de\/datenschutzbestimmungen\/","name":"Datenschutzbestimmungen - Galinscy.pl","isPartOf":{"@id":"https:\/\/www.galinscy.pl\/de\/#website"},"datePublished":"2023-11-02T10:57:07+00:00","dateModified":"2023-11-15T08:59:24+00:00","breadcrumb":{"@id":"https:\/\/www.galinscy.pl\/de\/datenschutzbestimmungen\/#breadcrumb"},"inLanguage":"de","potentialAction":[{"@type":"ReadAction","target":["https:\/\/www.galinscy.pl\/de\/datenschutzbestimmungen\/"]}]},{"@type":"BreadcrumbList","@id":"https:\/\/www.galinscy.pl\/de\/datenschutzbestimmungen\/#breadcrumb","itemListElement":[{"@type":"ListItem","position":1,"name":"Strona g\u0142\u00f3wna","item":"https:\/\/www.galinscy.pl\/de\/"},{"@type":"ListItem","position":2,"name":"Datenschutzbestimmungen"}]},{"@type":"WebSite","@id":"https:\/\/www.galinscy.pl\/de\/#website","url":"https:\/\/www.galinscy.pl\/de\/","name":"Galinscy.pl","description":"folie Izolacyjne, geow\u0142&oacute;kniny i folie na oczka wodne","potentialAction":[{"@type":"SearchAction","target":{"@type":"EntryPoint","urlTemplate":"https:\/\/www.galinscy.pl\/de\/?s={search_term_string}"},"query-input":{"@type":"PropertyValueSpecification","valueRequired":true,"valueName":"search_term_string"}}],"inLanguage":"de"}]}},"_links":{"self":[{"href":"https:\/\/www.galinscy.pl\/de\/wp-json\/wp\/v2\/pages\/424","targetHints":{"allow":["GET"]}}],"collection":[{"href":"https:\/\/www.galinscy.pl\/de\/wp-json\/wp\/v2\/pages"}],"about":[{"href":"https:\/\/www.galinscy.pl\/de\/wp-json\/wp\/v2\/types\/page"}],"author":[{"embeddable":true,"href":"https:\/\/www.galinscy.pl\/de\/wp-json\/wp\/v2\/users\/1"}],"replies":[{"embeddable":true,"href":"https:\/\/www.galinscy.pl\/de\/wp-json\/wp\/v2\/comments?post=424"}],"version-history":[{"count":0,"href":"https:\/\/www.galinscy.pl\/de\/wp-json\/wp\/v2\/pages\/424\/revisions"}],"wp:attachment":[{"href":"https:\/\/www.galinscy.pl\/de\/wp-json\/wp\/v2\/media?parent=424"}],"curies":[{"name":"wp","href":"https:\/\/api.w.org\/{rel}","templated":true}]}}