{"id":421,"date":"2023-10-25T16:20:00","date_gmt":"2023-10-25T16:20:00","guid":{"rendered":"https:\/\/www.galinscy.pl\/ueber-uns\/"},"modified":"2024-01-26T17:16:44","modified_gmt":"2024-01-26T17:16:44","slug":"ueber-uns","status":"publish","type":"page","link":"https:\/\/www.galinscy.pl\/de\/ueber-uns\/","title":{"rendered":"\u00dcber uns"},"content":{"rendered":"<p>[et_pb_section fb_built=&#8220;1&#8243; _builder_version=&#8220;4.23.1&#8243; _module_preset=&#8220;default&#8220; background_color=&#8220;RGBA(255,255,255,0)&#8220; use_background_color_gradient=&#8220;on&#8220; background_color_gradient_stops=&#8220;rgba(12,113,195,0.6) 0%|rgba(0,0,0,0.19) 100%&#8220; background_color_gradient_overlays_image=&#8220;on&#8220; background_image=&#8220;https:\/\/www.galinscy.pl\/wp-content\/uploads\/2023\/10\/beautiful-shot-body-water-with-sea-waves.jpg&#8220; custom_padding=&#8220;1vw||1vw||true|false&#8220; global_colors_info=&#8220;{}&#8220;][et_pb_row column_structure=&#8220;1_4,1_4,1_4,1_4&#8243; _builder_version=&#8220;4.23.1&#8243; _module_preset=&#8220;default&#8220; animation_style=&#8220;slide&#8220; animation_direction=&#8220;bottom&#8220; animation_intensity_slide=&#8220;5%&#8220; global_colors_info=&#8220;{}&#8220;][et_pb_column type=&#8220;1_4&#8243; _builder_version=&#8220;4.23&#8243; _module_preset=&#8220;default&#8220; global_colors_info=&#8220;{}&#8220;][et_pb_image src=&#8220;https:\/\/www.galinscy.pl\/wp-content\/uploads\/2023\/12\/calendar.png&#8220; title_text=&#8220;Kalender&#8220; align=&#8220;center&#8220; _builder_version=&#8220;4.23.1&#8243; _module_preset=&#8220;default&#8220; global_colors_info=&#8220;{}&#8220;][\/et_pb_image][et_pb_text _builder_version=&#8220;4.23.1&#8243; _module_preset=&#8220;0b7c85a2-13fe-4722-bd39-ea1bb9db3cae&#8220; global_colors_info=&#8220;{}&#8220;]<\/p>\n<p>P\u00fcnktlichkeit<\/p>\n<p>[\/et_pb_text][\/et_pb_column][et_pb_column type=&#8220;1_4&#8243; _builder_version=&#8220;4.23.1&#8243; _module_preset=&#8220;default&#8220; global_colors_info=&#8220;{}&#8220;][et_pb_image src=&#8220;https:\/\/www.galinscy.pl\/wp-content\/uploads\/2023\/12\/quality.png&#8220; title_text=&#8220;Qualit\u00e4t&#8220; align=&#8220;center&#8220; _builder_version=&#8220;4.23.1&#8243; _module_preset=&#8220;default&#8220; global_colors_info=&#8220;{}&#8220;][\/et_pb_image][et_pb_text _builder_version=&#8220;4.23.1&#8243; _module_preset=&#8220;0b7c85a2-13fe-4722-bd39-ea1bb9db3cae&#8220; global_colors_info=&#8220;{}&#8220;]<\/p>\n<p>Qualit\u00e4t<\/p>\n<p>[\/et_pb_text][\/et_pb_column][et_pb_column type=&#8220;1_4&#8243; _builder_version=&#8220;4.23&#8243; _module_preset=&#8220;default&#8220; global_colors_info=&#8220;{}&#8220;][et_pb_image src=&#8220;https:\/\/www.galinscy.pl\/wp-content\/uploads\/2023\/12\/owl.png&#8220; title_text=&#8220;Eule&#8220; align=&#8220;center&#8220; _builder_version=&#8220;4.23.1&#8243; _module_preset=&#8220;default&#8220; global_colors_info=&#8220;{}&#8220;][\/et_pb_image][et_pb_text _builder_version=&#8220;4.23.1&#8243; _module_preset=&#8220;0b7c85a2-13fe-4722-bd39-ea1bb9db3cae&#8220; global_colors_info=&#8220;{}&#8220;]<\/p>\n<p>Wissen<\/p>\n<p>[\/et_pb_text][\/et_pb_column][et_pb_column type=&#8220;1_4&#8243; _builder_version=&#8220;4.23&#8243; _module_preset=&#8220;default&#8220; global_colors_info=&#8220;{}&#8220;][et_pb_image src=&#8220;https:\/\/www.galinscy.pl\/wp-content\/uploads\/2023\/12\/hands.png&#8220; title_text=&#8220;H\u00e4nde&#8220; align=&#8220;center&#8220; _builder_version=&#8220;4.23.1&#8243; _module_preset=&#8220;default&#8220; global_colors_info=&#8220;{}&#8220;][\/et_pb_image][et_pb_text _builder_version=&#8220;4.23.1&#8243; _module_preset=&#8220;0b7c85a2-13fe-4722-bd39-ea1bb9db3cae&#8220; global_colors_info=&#8220;{}&#8220;]<\/p>\n<p>Vertrauen<\/p>\n<p>[\/et_pb_text][\/et_pb_column][\/et_pb_row][\/et_pb_section][et_pb_section fb_built=&#8220;1&#8243; _builder_version=&#8220;4.23&#8243; _module_preset=&#8220;default&#8220; global_colors_info=&#8220;{}&#8220;][et_pb_row disabled_on=&#8220;on|on|off&#8220; _builder_version=&#8220;4.23&#8243; _module_preset=&#8220;default&#8220; transform_scale_linked=&#8220;off&#8220; transform_translate_linked=&#8220;off&#8220; transform_origin=&#8220;0%|100%&#8220; positioning=&#8220;none&#8220; custom_margin=&#8220;0px||0px||true|false&#8220; custom_padding=&#8220;0px||0px||true|false&#8220; border_color_bottom=&#8220;gcid-3cc85526-db99-4bf1-acf0-57225483a1c2&#8243; global_colors_info=&#8220;{%22gcid-3cc85526-db99-4bf1-acf0-57225483a1c2%22:%91%22border_color_bottom%22%93}&#8220;][et_pb_column type=&#8220;4_4&#8243; _builder_version=&#8220;4.23&#8243; _module_preset=&#8220;default&#8220; global_colors_info=&#8220;{}&#8220;][et_pb_text _builder_version=&#8220;4.23.1&#8243; _module_preset=&#8220;6d360dc3-690b-4163-bc17-24e61fd2b460&#8243; global_colors_info=&#8220;{}&#8220;]<\/p>\n<p>01. Galinskis<\/p>\n<p>[\/et_pb_text][et_pb_text _builder_version=&#8220;4.23.1&#8243; _module_preset=&#8220;ae4b6ebb-1644-445f-ac1e-bd855ebe0a55&#8243; global_colors_info=&#8220;{}&#8220;]<\/p>\n<p>DAS UNTERNEHMEN GALI\u0143SCY SEIT 1974<\/p>\n<p>[\/et_pb_text][et_pb_divider _builder_version=&#8220;4.23&#8243; _module_preset=&#8220;c47f2478-4f50-4e6f-91d6-19b0f10aa505&#8243; global_colors_info=&#8220;{}&#8220;][\/et_pb_divider][\/et_pb_column][\/et_pb_row][et_pb_row column_structure=&#8220;1_2,1_2&#8243; make_equal=&#8220;on&#8220; _builder_version=&#8220;4.23&#8243; _module_preset=&#8220;default&#8220; global_colors_info=&#8220;{}&#8220;][et_pb_column type=&#8220;1_2&#8243; _builder_version=&#8220;4.23&#8243; _module_preset=&#8220;default&#8220; global_colors_info=&#8220;{}&#8220;][et_pb_text _builder_version=&#8220;4.23&#8243; _module_preset=&#8220;0f0b73dd-9552-45e0-8508-d25a28b8a683&#8243; global_colors_info=&#8220;{}&#8220;]<\/p>\n<h1><span class=\"a4-larger\">\u00dcber uns<\/span><\/h1>\n<p>[\/et_pb_text][et_pb_text _builder_version=&#8220;4.23.4&#8243; _module_preset=&#8220;default&#8220; animation_style=&#8220;fade&#8220; global_colors_info=&#8220;{}&#8220;]<\/p>\n<p>Wir sind ein Familienunternehmen, das seit mehr als 50 Jahren Kunststoffe herstellt. Wir bieten eine breite Palette von Isolierprodukten an. Dank unserer langj\u00e4hrigen Erfahrung und der st\u00e4ndigen Erweiterung unserer Kenntnisse k\u00f6nnen wir auf Tausende zufriedener Kunden verweisen. Wir sind bestrebt, einen umfassenden Service zu bieten &#8211; von der professionellen Beratung und Produktauswahl bis hin zu Verkauf und Installation. Wir wissen um den Wert der Zeit, deshalb werden alle unsere Projekte p\u00fcnktlich abgeschlossen. Dank unseres erfahrenen Teams von Fachleuten und moderner Ausr\u00fcstung gew\u00e4hrleisten wir eine professionelle und zuverl\u00e4ssige Ausf\u00fchrung der beauftragten Dienstleistung. Wir sind stets von unseren Produkten und Dienstleistungen \u00fcberzeugt, weshalb wir langfristige Garantien gew\u00e4hren.<\/p>\n<p>[\/et_pb_text][\/et_pb_column][et_pb_column type=&#8220;1_2&#8243; _builder_version=&#8220;4.23&#8243; _module_preset=&#8220;default&#8220; background_image=&#8220;https:\/\/www.galinscy.pl\/wp-content\/uploads\/2023\/10\/Staw-kapielowy-z-motywami-japonskimi.jpg&#8220; parallax=&#8220;on&#8220; animation_style=&#8220;fade&#8220; animation_delay=&#8220;250ms&#8220; global_colors_info=&#8220;{}&#8220;][et_pb_divider show_divider=&#8220;off&#8220; _builder_version=&#8220;4.23&#8243; _module_preset=&#8220;default&#8220; height=&#8220;350px&#8220; global_colors_info=&#8220;{}&#8220;][\/et_pb_divider][\/et_pb_column][\/et_pb_row][et_pb_row column_structure=&#8220;1_2,1_2&#8243; _builder_version=&#8220;4.23&#8243; _module_preset=&#8220;default&#8220; global_colors_info=&#8220;{}&#8220;][et_pb_column type=&#8220;1_2&#8243; _builder_version=&#8220;4.23&#8243; _module_preset=&#8220;default&#8220; custom_padding=&#8220;||||false|true&#8220; custom_padding_tablet=&#8220;|2rem||2rem|false|true&#8220; custom_padding_phone=&#8220;|0rem||0rem|false|true&#8220; custom_padding_last_edited=&#8220;on|phone&#8220; global_colors_info=&#8220;{}&#8220;][et_pb_text _builder_version=&#8220;4.23&#8243; _module_preset=&#8220;default&#8220; animation_style=&#8220;fade&#8220; animation_delay=&#8220;500ms&#8220; global_colors_info=&#8220;{}&#8220;]Die von uns hergestellten Folien sind umweltfreundliche, aber dennoch extrem starke und widerstandsf\u00e4hige Materialien. Aus R\u00fccksicht auf die Umwelt verwenden wir bei der Herstellung Sekund\u00e4rrohstoffe, und unsere Folien k\u00f6nnen wieder recycelt werden. Unsere Produkte, die FOLGAL-1-Folien, erf\u00fcllen alle Anforderungen der geltenden polnischen und europ\u00e4ischen Normen f\u00fcr Bauprodukte, was durch unabh\u00e4ngige akkreditierte Pr\u00fcfstellen best\u00e4tigt wurde. Das Werk hat zahlreiche Anforderungen an die \u00dcberwachung und Kontrolle der Produktion erf\u00fcllt, vom Einkauf, der Trennung und der Aufbereitung der Rohstoffe \u00fcber den Herstellungsprozess selbst bis hin zu Pr\u00fcfung, Lagerung und Transport des Endprodukts. Infolgedessen erhielten wir das europ\u00e4ische Zertifikat f\u00fcr die werkseigene Produktionskontrolle, das es uns erm\u00f6glicht, unsere Produkte mit dem CE-Zeichen zu versehen.[\/et_pb_text][\/et_pb_column][et_pb_column type=&#8220;1_2&#8243; _builder_version=&#8220;4.23&#8243; _module_preset=&#8220;default&#8220; global_colors_info=&#8220;{}&#8220;][et_pb_text _builder_version=&#8220;4.23&#8243; _module_preset=&#8220;default&#8220; text_orientation=&#8220;left&#8220; animation_style=&#8220;fade&#8220; animation_delay=&#8220;750ms&#8220; global_colors_info=&#8220;{}&#8220;]<\/p>\n<p><strong>Unsere Spezialit\u00e4t sind unter anderem Abdichtungen und Isolierungen:<\/strong><br \/>&#8211; Teiche<br \/>&#8211; Schwimm-, Garten- und Zuchtteiche<br \/>&#8211; R\u00fcckhaltebecken<br \/>&#8211; Brandr\u00fcckhaltebecken<br \/>&#8211; Tankstellen<br \/>&#8211; M\u00fclldeponien<br \/>&#8211; Absetzbecken<br \/>&#8211; Verdunstungstanks<br \/>&#8211; Kl\u00e4ranlagen<br \/>&#8211; Parkh\u00e4user<br \/>&#8211; Deiche<\/p>\n<p>[\/et_pb_text][et_pb_text _builder_version=&#8220;4.23&#8243; _module_preset=&#8220;default&#8220; text_orientation=&#8220;left&#8220; animation_style=&#8220;fade&#8220; animation_delay=&#8220;500ms&#8220; global_colors_info=&#8220;{}&#8220;]Wir laden Sie ein, sich unser Angebot anzuschauen. Wenn Sie Fragen oder Bedenken haben, k\u00f6nnen Sie sich an unsere Beraterinnen und Berater wenden.[\/et_pb_text][\/et_pb_column][\/et_pb_row][\/et_pb_section][et_pb_section fb_built=&#8220;1&#8243; _builder_version=&#8220;4.23&#8243; _module_preset=&#8220;default&#8220; global_colors_info=&#8220;{}&#8220;][et_pb_row disabled_on=&#8220;on|on|off&#8220; _builder_version=&#8220;4.23&#8243; _module_preset=&#8220;default&#8220; transform_scale_linked=&#8220;off&#8220; transform_translate_linked=&#8220;off&#8220; transform_origin=&#8220;0%|100%&#8220; positioning=&#8220;none&#8220; custom_margin=&#8220;0px||0px||true|false&#8220; custom_padding=&#8220;0px||0px||true|false&#8220; border_color_bottom=&#8220;gcid-3cc85526-db99-4bf1-acf0-57225483a1c2&#8243; global_colors_info=&#8220;{%22gcid-3cc85526-db99-4bf1-acf0-57225483a1c2%22:%91%22border_color_bottom%22%93}&#8220;][et_pb_column type=&#8220;4_4&#8243; _builder_version=&#8220;4.23&#8243; _module_preset=&#8220;default&#8220; global_colors_info=&#8220;{}&#8220;][et_pb_text _builder_version=&#8220;4.23.1&#8243; _module_preset=&#8220;6d360dc3-690b-4163-bc17-24e61fd2b460&#8243; global_colors_info=&#8220;{}&#8220;]<\/p>\n<p>02 Galerie<\/p>\n<p>[\/et_pb_text][et_pb_text _builder_version=&#8220;4.23.1&#8243; _module_preset=&#8220;ae4b6ebb-1644-445f-ac1e-bd855ebe0a55&#8243; global_colors_info=&#8220;{}&#8220;]<\/p>\n<p>Unsere Realisierungen<\/p>\n<p>[\/et_pb_text][et_pb_divider _builder_version=&#8220;4.23&#8243; _module_preset=&#8220;c47f2478-4f50-4e6f-91d6-19b0f10aa505&#8243; global_colors_info=&#8220;{}&#8220;][\/et_pb_divider][\/et_pb_column][\/et_pb_row][et_pb_row _builder_version=&#8220;4.23&#8243; _module_preset=&#8220;default&#8220; global_colors_info=&#8220;{}&#8220;][et_pb_column type=&#8220;4_4&#8243; _builder_version=&#8220;4.23&#8243; _module_preset=&#8220;default&#8220; global_colors_info=&#8220;{}&#8220;][dsm_image_carousel gallery_ids=&#8220;137,138,139,140,141,142,143,144,145,146&#8243; sizes=&#8220;et-pb-portfolio-module-image&#8220; lazyload=&#8220;on&#8220; centered_slides=&#8220;on&#8220; show_lightbox=&#8220;on&#8220; show_lightbox_caption=&#8220;on&#8220; arrow_color=&#8220;gcid-98dadcce-db44-4803-b985-6b7440c47525&#8243; dots_active_color=&#8220;gcid-98dadcce-db44-4803-b985-6b7440c47525&#8243; dots_inactive_color=&#8220;gcid-3cc85526-db99-4bf1-acf0-57225483a1c2&#8243; _builder_version=&#8220;4.23&#8243; _module_preset=&#8220;default&#8220; global_colors_info=&#8220;{%22gcid-3cc85526-db99-4bf1-acf0-57225483a1c2%22:%91%22dots_inactive_color%22%93,%22gcid-98dadcce-db44-4803-b985-6b7440c47525%22:%91%22dots_active_color%22,%22arrow_color%22%93}&#8220;][\/dsm_image_carousel][\/et_pb_column][\/et_pb_row][\/et_pb_section]<\/p>\n","protected":false},"excerpt":{"rendered":"<p>P\u00fcnktlichkeitQualit\u00e4tWissenVertrauen01. GalinskisDAS UNTERNEHMEN GALI\u0143SCY SEIT 1974\u00dcber unsWir sind ein Familienunternehmen, das seit mehr als 50 Jahren Kunststoffe herstellt. Wir bieten eine breite Palette von Isolierprodukten an. Dank unserer langj\u00e4hrigen Erfahrung und der st\u00e4ndigen Erweiterung unserer Kenntnisse k\u00f6nnen wir auf Tausende zufriedener Kunden verweisen. Wir sind bestrebt, einen umfassenden Service zu bieten &#8211; von der professionellen [&hellip;]<\/p>\n","protected":false},"author":1,"featured_media":0,"parent":0,"menu_order":0,"comment_status":"closed","ping_status":"closed","template":"","meta":{"_et_pb_use_builder":"on","_et_pb_old_content":"","_et_gb_content_width":"","footnotes":""},"class_list":["post-421","page","type-page","status-publish","hentry"],"yoast_head":"<!-- This site is optimized with the Yoast SEO plugin v27.4 - https:\/\/yoast.com\/product\/yoast-seo-wordpress\/ -->\n<title>\u00dcber uns - Galinscy.pl<\/title>\n<meta name=\"robots\" content=\"index, follow, max-snippet:-1, max-image-preview:large, max-video-preview:-1\" \/>\n<link rel=\"canonical\" href=\"https:\/\/www.galinscy.pl\/de\/ueber-uns\/\" \/>\n<meta property=\"og:locale\" content=\"de_DE\" \/>\n<meta property=\"og:type\" content=\"article\" \/>\n<meta property=\"og:title\" content=\"\u00dcber uns - Galinscy.pl\" \/>\n<meta property=\"og:description\" content=\"P\u00fcnktlichkeitQualit\u00e4tWissenVertrauen01. GalinskisDAS UNTERNEHMEN GALI\u0143SCY SEIT 1974\u00dcber unsWir sind ein Familienunternehmen, das seit mehr als 50 Jahren Kunststoffe herstellt. Wir bieten eine breite Palette von Isolierprodukten an. Dank unserer langj\u00e4hrigen Erfahrung und der st\u00e4ndigen Erweiterung unserer Kenntnisse k\u00f6nnen wir auf Tausende zufriedener Kunden verweisen. Wir sind bestrebt, einen umfassenden Service zu bieten - von der professionellen [&hellip;]\" \/>\n<meta property=\"og:url\" content=\"https:\/\/www.galinscy.pl\/de\/ueber-uns\/\" \/>\n<meta property=\"og:site_name\" content=\"Galinscy.pl\" \/>\n<meta property=\"article:modified_time\" content=\"2024-01-26T17:16:44+00:00\" \/>\n<meta name=\"twitter:card\" content=\"summary_large_image\" \/>\n<meta name=\"twitter:label1\" content=\"Gesch\u00e4tzte Lesezeit\" \/>\n\t<meta name=\"twitter:data1\" content=\"7\u00a0Minuten\" \/>\n<script type=\"application\/ld+json\" class=\"yoast-schema-graph\">{\"@context\":\"https:\\\/\\\/schema.org\",\"@graph\":[{\"@type\":\"WebPage\",\"@id\":\"https:\\\/\\\/www.galinscy.pl\\\/de\\\/ueber-uns\\\/\",\"url\":\"https:\\\/\\\/www.galinscy.pl\\\/de\\\/ueber-uns\\\/\",\"name\":\"\u00dcber uns - Galinscy.pl\",\"isPartOf\":{\"@id\":\"https:\\\/\\\/www.galinscy.pl\\\/de\\\/#website\"},\"datePublished\":\"2023-10-25T16:20:00+00:00\",\"dateModified\":\"2024-01-26T17:16:44+00:00\",\"breadcrumb\":{\"@id\":\"https:\\\/\\\/www.galinscy.pl\\\/de\\\/ueber-uns\\\/#breadcrumb\"},\"inLanguage\":\"de\",\"potentialAction\":[{\"@type\":\"ReadAction\",\"target\":[\"https:\\\/\\\/www.galinscy.pl\\\/de\\\/ueber-uns\\\/\"]}]},{\"@type\":\"BreadcrumbList\",\"@id\":\"https:\\\/\\\/www.galinscy.pl\\\/de\\\/ueber-uns\\\/#breadcrumb\",\"itemListElement\":[{\"@type\":\"ListItem\",\"position\":1,\"name\":\"Strona g\u0142\u00f3wna\",\"item\":\"https:\\\/\\\/www.galinscy.pl\\\/de\\\/\"},{\"@type\":\"ListItem\",\"position\":2,\"name\":\"\u00dcber uns\"}]},{\"@type\":\"WebSite\",\"@id\":\"https:\\\/\\\/www.galinscy.pl\\\/de\\\/#website\",\"url\":\"https:\\\/\\\/www.galinscy.pl\\\/de\\\/\",\"name\":\"Galinscy.pl\",\"description\":\"folie Izolacyjne, geow\u0142&oacute;kniny i folie na oczka wodne\",\"potentialAction\":[{\"@type\":\"SearchAction\",\"target\":{\"@type\":\"EntryPoint\",\"urlTemplate\":\"https:\\\/\\\/www.galinscy.pl\\\/de\\\/?s={search_term_string}\"},\"query-input\":{\"@type\":\"PropertyValueSpecification\",\"valueRequired\":true,\"valueName\":\"search_term_string\"}}],\"inLanguage\":\"de\"}]}<\/script>\n<!-- \/ Yoast SEO plugin. -->","yoast_head_json":{"title":"\u00dcber uns - Galinscy.pl","robots":{"index":"index","follow":"follow","max-snippet":"max-snippet:-1","max-image-preview":"max-image-preview:large","max-video-preview":"max-video-preview:-1"},"canonical":"https:\/\/www.galinscy.pl\/de\/ueber-uns\/","og_locale":"de_DE","og_type":"article","og_title":"\u00dcber uns - Galinscy.pl","og_description":"P\u00fcnktlichkeitQualit\u00e4tWissenVertrauen01. GalinskisDAS UNTERNEHMEN GALI\u0143SCY SEIT 1974\u00dcber unsWir sind ein Familienunternehmen, das seit mehr als 50 Jahren Kunststoffe herstellt. Wir bieten eine breite Palette von Isolierprodukten an. Dank unserer langj\u00e4hrigen Erfahrung und der st\u00e4ndigen Erweiterung unserer Kenntnisse k\u00f6nnen wir auf Tausende zufriedener Kunden verweisen. Wir sind bestrebt, einen umfassenden Service zu bieten - von der professionellen [&hellip;]","og_url":"https:\/\/www.galinscy.pl\/de\/ueber-uns\/","og_site_name":"Galinscy.pl","article_modified_time":"2024-01-26T17:16:44+00:00","twitter_card":"summary_large_image","twitter_misc":{"Gesch\u00e4tzte Lesezeit":"7\u00a0Minuten"},"schema":{"@context":"https:\/\/schema.org","@graph":[{"@type":"WebPage","@id":"https:\/\/www.galinscy.pl\/de\/ueber-uns\/","url":"https:\/\/www.galinscy.pl\/de\/ueber-uns\/","name":"\u00dcber uns - Galinscy.pl","isPartOf":{"@id":"https:\/\/www.galinscy.pl\/de\/#website"},"datePublished":"2023-10-25T16:20:00+00:00","dateModified":"2024-01-26T17:16:44+00:00","breadcrumb":{"@id":"https:\/\/www.galinscy.pl\/de\/ueber-uns\/#breadcrumb"},"inLanguage":"de","potentialAction":[{"@type":"ReadAction","target":["https:\/\/www.galinscy.pl\/de\/ueber-uns\/"]}]},{"@type":"BreadcrumbList","@id":"https:\/\/www.galinscy.pl\/de\/ueber-uns\/#breadcrumb","itemListElement":[{"@type":"ListItem","position":1,"name":"Strona g\u0142\u00f3wna","item":"https:\/\/www.galinscy.pl\/de\/"},{"@type":"ListItem","position":2,"name":"\u00dcber uns"}]},{"@type":"WebSite","@id":"https:\/\/www.galinscy.pl\/de\/#website","url":"https:\/\/www.galinscy.pl\/de\/","name":"Galinscy.pl","description":"folie Izolacyjne, geow\u0142&oacute;kniny i folie na oczka wodne","potentialAction":[{"@type":"SearchAction","target":{"@type":"EntryPoint","urlTemplate":"https:\/\/www.galinscy.pl\/de\/?s={search_term_string}"},"query-input":{"@type":"PropertyValueSpecification","valueRequired":true,"valueName":"search_term_string"}}],"inLanguage":"de"}]}},"_links":{"self":[{"href":"https:\/\/www.galinscy.pl\/de\/wp-json\/wp\/v2\/pages\/421","targetHints":{"allow":["GET"]}}],"collection":[{"href":"https:\/\/www.galinscy.pl\/de\/wp-json\/wp\/v2\/pages"}],"about":[{"href":"https:\/\/www.galinscy.pl\/de\/wp-json\/wp\/v2\/types\/page"}],"author":[{"embeddable":true,"href":"https:\/\/www.galinscy.pl\/de\/wp-json\/wp\/v2\/users\/1"}],"replies":[{"embeddable":true,"href":"https:\/\/www.galinscy.pl\/de\/wp-json\/wp\/v2\/comments?post=421"}],"version-history":[{"count":0,"href":"https:\/\/www.galinscy.pl\/de\/wp-json\/wp\/v2\/pages\/421\/revisions"}],"wp:attachment":[{"href":"https:\/\/www.galinscy.pl\/de\/wp-json\/wp\/v2\/media?parent=421"}],"curies":[{"name":"wp","href":"https:\/\/api.w.org\/{rel}","templated":true}]}}