{"id":416,"date":"2023-10-25T16:14:57","date_gmt":"2023-10-25T16:14:57","guid":{"rendered":"https:\/\/www.galinscy.pl\/geotextilien\/"},"modified":"2024-01-19T14:37:57","modified_gmt":"2024-01-19T14:37:57","slug":"geotextilien","status":"publish","type":"page","link":"https:\/\/www.galinscy.pl\/de\/geotextilien\/","title":{"rendered":"Geotextilien"},"content":{"rendered":"<p>[et_pb_section fb_built=&#8220;1&#8243; _builder_version=&#8220;4.23&#8243; _module_preset=&#8220;default&#8220; global_colors_info=&#8220;{}&#8220;][et_pb_row disabled_on=&#8220;on|on|off&#8220; _builder_version=&#8220;4.23&#8243; _module_preset=&#8220;default&#8220; transform_scale_linked=&#8220;off&#8220; transform_translate_linked=&#8220;off&#8220; transform_origin=&#8220;0%|100%&#8220; positioning=&#8220;none&#8220; custom_margin=&#8220;0px||0px||true|false&#8220; custom_padding=&#8220;0px||0px||true|false&#8220; border_color_bottom=&#8220;gcid-3cc85526-db99-4bf1-acf0-57225483a1c2&#8243; global_colors_info=&#8220;{%22gcid-3cc85526-db99-4bf1-acf0-57225483a1c2%22:%91%22border_color_bottom%22%93}&#8220;][et_pb_column type=&#8220;4_4&#8243; _builder_version=&#8220;4.23&#8243; _module_preset=&#8220;default&#8220; global_colors_info=&#8220;{}&#8220;][et_pb_text _builder_version=&#8220;4.23.1&#8243; _module_preset=&#8220;6d360dc3-690b-4163-bc17-24e61fd2b460&#8243; global_colors_info=&#8220;{}&#8220;]<\/p>\n<p>01. willkommen<\/p>\n<p>[\/et_pb_text][et_pb_text _builder_version=&#8220;4.23.1&#8243; _module_preset=&#8220;ae4b6ebb-1644-445f-ac1e-bd855ebe0a55&#8243; global_colors_info=&#8220;{}&#8220;]<\/p>\n<p>Was wir tun<\/p>\n<p>[\/et_pb_text][et_pb_divider _builder_version=&#8220;4.23&#8243; _module_preset=&#8220;c47f2478-4f50-4e6f-91d6-19b0f10aa505&#8243; global_colors_info=&#8220;{}&#8220;][\/et_pb_divider][\/et_pb_column][\/et_pb_row][et_pb_row column_structure=&#8220;2_5,3_5&#8243; make_equal=&#8220;on&#8220; _builder_version=&#8220;4.23&#8243; _module_preset=&#8220;default&#8220; global_colors_info=&#8220;{}&#8220;][et_pb_column type=&#8220;2_5&#8243; _builder_version=&#8220;4.23&#8243; _module_preset=&#8220;default&#8220; global_colors_info=&#8220;{}&#8220;][et_pb_text _builder_version=&#8220;4.23&#8243; _module_preset=&#8220;0f0b73dd-9552-45e0-8508-d25a28b8a683&#8243; global_colors_info=&#8220;{}&#8220;]<\/p>\n<h1><span class=\"a4-larger\">Geotextilien<\/span><\/h1>\n<p>[\/et_pb_text][et_pb_text _builder_version=&#8220;4.23&#8243; _module_preset=&#8220;default&#8220; animation_style=&#8220;fade&#8220; global_colors_info=&#8220;{}&#8220;]Unser Sortiment umfasst GEON-Geotextilien f\u00fcr den Einsatz bei allen Arten von Erd- und Bauarbeiten. Sie sind in einer breiten Palette von Gr\u00f6\u00dfen und Gewichten erh\u00e4ltlich.[\/et_pb_text][\/et_pb_column][et_pb_column type=&#8220;3_5&#8243; _builder_version=&#8220;4.23&#8243; _module_preset=&#8220;default&#8220; background_image=&#8220;https:\/\/www.galinscy.pl\/wp-content\/uploads\/2023\/10\/geowloknina-1.jpg&#8220; parallax=&#8220;on&#8220; animation_style=&#8220;fade&#8220; animation_delay=&#8220;250ms&#8220; global_colors_info=&#8220;{}&#8220;][et_pb_divider show_divider=&#8220;off&#8220; _builder_version=&#8220;4.23&#8243; _module_preset=&#8220;default&#8220; height=&#8220;350px&#8220; global_colors_info=&#8220;{}&#8220;][\/et_pb_divider][\/et_pb_column][\/et_pb_row][et_pb_row column_structure=&#8220;1_2,1_2&#8243; _builder_version=&#8220;4.23&#8243; _module_preset=&#8220;default&#8220; global_colors_info=&#8220;{}&#8220;][et_pb_column type=&#8220;1_2&#8243; _builder_version=&#8220;4.23&#8243; _module_preset=&#8220;default&#8220; custom_padding=&#8220;||||false|true&#8220; custom_padding_tablet=&#8220;|2rem||2rem|false|true&#8220; custom_padding_phone=&#8220;|0rem||0rem|false|true&#8220; custom_padding_last_edited=&#8220;on|phone&#8220; global_colors_info=&#8220;{}&#8220;][et_pb_text _builder_version=&#8220;4.23&#8243; _module_preset=&#8220;default&#8220; animation_style=&#8220;fade&#8220; animation_delay=&#8220;500ms&#8220; global_colors_info=&#8220;{}&#8220;]Die von uns angebotenen Geotextilien finden breite Anwendung im Bauwesen und im Gartenbau und dienen vor allem dem langfristigen Schutz von Dichtungsbahnen beim Bau von Deponien, Stauseen und Teichen. Sie sind f\u00fcr den Menschen und die Umwelt unsch\u00e4dlich. Wir bieten Geotextilien aus Polypropylen oder Polyester in Gewichten von 125 g\/m2 bis 1000 g\/m2 an. Das Produkt entspricht den weltweit h\u00f6chsten Standards und verf\u00fcgt \u00fcber ein CE-Qualit\u00e4tszertifikat, ein Zertifikat der werkseigenen Produktionskontrolle oder, je nach Typ, \u00fcber eine technische Zulassung des CNTK. Au\u00dferdem wurde das Produkt mit der Goldmedaille der Internationalen Messe in Pozna\u0144 ausgezeichnet.[\/et_pb_text][\/et_pb_column][et_pb_column type=&#8220;1_2&#8243; _builder_version=&#8220;4.23&#8243; _module_preset=&#8220;default&#8220; global_colors_info=&#8220;{}&#8220;][et_pb_text _builder_version=&#8220;4.23&#8243; _module_preset=&#8220;default&#8220; text_orientation=&#8220;left&#8220; animation_style=&#8220;fade&#8220; animation_delay=&#8220;750ms&#8220; global_colors_info=&#8220;{}&#8220;]<\/p>\n<p><strong>Die Verwendung von Geotextilien:<\/strong><br \/>&#8211; <strong>Schutz von<\/strong> Dichtungsbahnen, Entw\u00e4sserungssystemen, B\u00f6schungen und Ufern<br \/>&#8211; <strong>Trennung<\/strong> verschiedener Fraktionen von Gesteinsk\u00f6rnung aus nativem Boden und von Gesteinsk\u00f6rnung aus Gesteinsk\u00f6rnung<br \/>&#8211; <strong>Filtration von<\/strong> Grund- und Regenwasser aus dem Aggregat<br \/>&#8211; <strong>Verst\u00e4rkung und Stabilisierung von<\/strong> H\u00e4ngen, B\u00f6schungen und Ufern<\/p>\n<p>[\/et_pb_text][et_pb_text _builder_version=&#8220;4.23&#8243; _module_preset=&#8220;default&#8220; text_orientation=&#8220;left&#8220; animation_style=&#8220;fade&#8220; animation_delay=&#8220;500ms&#8220; global_colors_info=&#8220;{}&#8220;]F\u00fcr detaillierte Produktinformationen rufen Sie uns bitte an oder schicken Sie uns eine E-Mail.[\/et_pb_text][\/et_pb_column][\/et_pb_row][\/et_pb_section][et_pb_section fb_built=&#8220;1&#8243; _builder_version=&#8220;4.23&#8243; _module_preset=&#8220;default&#8220; global_colors_info=&#8220;{}&#8220;][et_pb_row disabled_on=&#8220;on|on|off&#8220; _builder_version=&#8220;4.23&#8243; _module_preset=&#8220;default&#8220; transform_scale_linked=&#8220;off&#8220; transform_translate_linked=&#8220;off&#8220; transform_origin=&#8220;0%|100%&#8220; positioning=&#8220;none&#8220; custom_margin=&#8220;0px||0px||true|false&#8220; custom_padding=&#8220;0px||0px||true|false&#8220; border_color_bottom=&#8220;gcid-3cc85526-db99-4bf1-acf0-57225483a1c2&#8243; global_colors_info=&#8220;{%22gcid-3cc85526-db99-4bf1-acf0-57225483a1c2%22:%91%22border_color_bottom%22%93}&#8220;][et_pb_column type=&#8220;4_4&#8243; _builder_version=&#8220;4.23&#8243; _module_preset=&#8220;default&#8220; global_colors_info=&#8220;{}&#8220;][et_pb_text _builder_version=&#8220;4.23.1&#8243; _module_preset=&#8220;6d360dc3-690b-4163-bc17-24e61fd2b460&#8243; global_colors_info=&#8220;{}&#8220;]<\/p>\n<p>03 Galerie<\/p>\n<p>[\/et_pb_text][et_pb_text _builder_version=&#8220;4.23.1&#8243; _module_preset=&#8220;ae4b6ebb-1644-445f-ac1e-bd855ebe0a55&#8243; global_colors_info=&#8220;{}&#8220;]<\/p>\n<p>Unsere Realisierungen<\/p>\n<p>[\/et_pb_text][et_pb_divider _builder_version=&#8220;4.23&#8243; _module_preset=&#8220;c47f2478-4f50-4e6f-91d6-19b0f10aa505&#8243; global_colors_info=&#8220;{}&#8220;][\/et_pb_divider][\/et_pb_column][\/et_pb_row][et_pb_row _builder_version=&#8220;4.23&#8243; _module_preset=&#8220;default&#8220; global_colors_info=&#8220;{}&#8220;][et_pb_column type=&#8220;4_4&#8243; _builder_version=&#8220;4.23&#8243; _module_preset=&#8220;default&#8220; global_colors_info=&#8220;{}&#8220;][dsm_image_carousel gallery_ids=&#8220;137,138,139,140,141,142,143,144,145,146&#8243; sizes=&#8220;et-pb-portfolio-module-image&#8220; lazyload=&#8220;on&#8220; centered_slides=&#8220;on&#8220; show_lightbox=&#8220;on&#8220; show_lightbox_gallery=&#8220;on&#8220; show_lightbox_caption=&#8220;on&#8220; arrow_color=&#8220;gcid-98dadcce-db44-4803-b985-6b7440c47525&#8243; dots_active_color=&#8220;gcid-98dadcce-db44-4803-b985-6b7440c47525&#8243; dots_inactive_color=&#8220;gcid-3cc85526-db99-4bf1-acf0-57225483a1c2&#8243; _builder_version=&#8220;4.23&#8243; _module_preset=&#8220;default&#8220; global_colors_info=&#8220;{%22gcid-3cc85526-db99-4bf1-acf0-57225483a1c2%22:%91%22dots_inactive_color%22%93,%22gcid-98dadcce-db44-4803-b985-6b7440c47525%22:%91%22dots_active_color%22,%22arrow_color%22%93}&#8220;][\/dsm_image_carousel][\/et_pb_column][\/et_pb_row][\/et_pb_section]<\/p>\n","protected":false},"excerpt":{"rendered":"<p>01. willkommenWas wir tunGeotextilienUnser Sortiment umfasst GEON-Geotextilien f\u00fcr den Einsatz bei allen Arten von Erd- und Bauarbeiten. Sie sind in einer breiten Palette von Gr\u00f6\u00dfen und Gewichten erh\u00e4ltlich.Die von uns angebotenen Geotextilien finden breite Anwendung im Bauwesen und im Gartenbau und dienen vor allem dem langfristigen Schutz von Dichtungsbahnen beim Bau von Deponien, Stauseen und [&hellip;]<\/p>\n","protected":false},"author":1,"featured_media":0,"parent":0,"menu_order":0,"comment_status":"closed","ping_status":"closed","template":"","meta":{"_et_pb_use_builder":"on","_et_pb_old_content":"","_et_gb_content_width":"","footnotes":""},"class_list":["post-416","page","type-page","status-publish","hentry"],"yoast_head":"<!-- This site is optimized with the Yoast SEO plugin v27.6 - https:\/\/yoast.com\/product\/yoast-seo-wordpress\/ -->\n<title>Geotextilien - Galinscy.pl<\/title>\n<meta name=\"robots\" content=\"index, follow, max-snippet:-1, max-image-preview:large, max-video-preview:-1\" \/>\n<link rel=\"canonical\" href=\"https:\/\/www.galinscy.pl\/de\/geotextilien\/\" \/>\n<meta property=\"og:locale\" content=\"de_DE\" \/>\n<meta property=\"og:type\" content=\"article\" \/>\n<meta property=\"og:title\" content=\"Geotextilien - Galinscy.pl\" \/>\n<meta property=\"og:description\" content=\"01. willkommenWas wir tunGeotextilienUnser Sortiment umfasst GEON-Geotextilien f\u00fcr den Einsatz bei allen Arten von Erd- und Bauarbeiten. Sie sind in einer breiten Palette von Gr\u00f6\u00dfen und Gewichten erh\u00e4ltlich.Die von uns angebotenen Geotextilien finden breite Anwendung im Bauwesen und im Gartenbau und dienen vor allem dem langfristigen Schutz von Dichtungsbahnen beim Bau von Deponien, Stauseen und [&hellip;]\" \/>\n<meta property=\"og:url\" content=\"https:\/\/www.galinscy.pl\/de\/geotextilien\/\" \/>\n<meta property=\"og:site_name\" content=\"Galinscy.pl\" \/>\n<meta property=\"article:modified_time\" content=\"2024-01-19T14:37:57+00:00\" \/>\n<meta name=\"twitter:card\" content=\"summary_large_image\" \/>\n<meta name=\"twitter:label1\" content=\"Gesch\u00e4tzte Lesezeit\" \/>\n\t<meta name=\"twitter:data1\" content=\"5\u00a0Minuten\" \/>\n<script type=\"application\/ld+json\" class=\"yoast-schema-graph\">{\"@context\":\"https:\\\/\\\/schema.org\",\"@graph\":[{\"@type\":\"WebPage\",\"@id\":\"https:\\\/\\\/www.galinscy.pl\\\/de\\\/geotextilien\\\/\",\"url\":\"https:\\\/\\\/www.galinscy.pl\\\/de\\\/geotextilien\\\/\",\"name\":\"Geotextilien - Galinscy.pl\",\"isPartOf\":{\"@id\":\"https:\\\/\\\/www.galinscy.pl\\\/de\\\/#website\"},\"datePublished\":\"2023-10-25T16:14:57+00:00\",\"dateModified\":\"2024-01-19T14:37:57+00:00\",\"breadcrumb\":{\"@id\":\"https:\\\/\\\/www.galinscy.pl\\\/de\\\/geotextilien\\\/#breadcrumb\"},\"inLanguage\":\"de\",\"potentialAction\":[{\"@type\":\"ReadAction\",\"target\":[\"https:\\\/\\\/www.galinscy.pl\\\/de\\\/geotextilien\\\/\"]}]},{\"@type\":\"BreadcrumbList\",\"@id\":\"https:\\\/\\\/www.galinscy.pl\\\/de\\\/geotextilien\\\/#breadcrumb\",\"itemListElement\":[{\"@type\":\"ListItem\",\"position\":1,\"name\":\"Strona g\u0142\u00f3wna\",\"item\":\"https:\\\/\\\/www.galinscy.pl\\\/de\\\/\"},{\"@type\":\"ListItem\",\"position\":2,\"name\":\"Geotextilien\"}]},{\"@type\":\"WebSite\",\"@id\":\"https:\\\/\\\/www.galinscy.pl\\\/de\\\/#website\",\"url\":\"https:\\\/\\\/www.galinscy.pl\\\/de\\\/\",\"name\":\"Galinscy.pl\",\"description\":\"folie Izolacyjne, geow\u0142&oacute;kniny i folie na oczka wodne\",\"potentialAction\":[{\"@type\":\"SearchAction\",\"target\":{\"@type\":\"EntryPoint\",\"urlTemplate\":\"https:\\\/\\\/www.galinscy.pl\\\/de\\\/?s={search_term_string}\"},\"query-input\":{\"@type\":\"PropertyValueSpecification\",\"valueRequired\":true,\"valueName\":\"search_term_string\"}}],\"inLanguage\":\"de\"}]}<\/script>\n<!-- \/ Yoast SEO plugin. -->","yoast_head_json":{"title":"Geotextilien - Galinscy.pl","robots":{"index":"index","follow":"follow","max-snippet":"max-snippet:-1","max-image-preview":"max-image-preview:large","max-video-preview":"max-video-preview:-1"},"canonical":"https:\/\/www.galinscy.pl\/de\/geotextilien\/","og_locale":"de_DE","og_type":"article","og_title":"Geotextilien - Galinscy.pl","og_description":"01. willkommenWas wir tunGeotextilienUnser Sortiment umfasst GEON-Geotextilien f\u00fcr den Einsatz bei allen Arten von Erd- und Bauarbeiten. Sie sind in einer breiten Palette von Gr\u00f6\u00dfen und Gewichten erh\u00e4ltlich.Die von uns angebotenen Geotextilien finden breite Anwendung im Bauwesen und im Gartenbau und dienen vor allem dem langfristigen Schutz von Dichtungsbahnen beim Bau von Deponien, Stauseen und [&hellip;]","og_url":"https:\/\/www.galinscy.pl\/de\/geotextilien\/","og_site_name":"Galinscy.pl","article_modified_time":"2024-01-19T14:37:57+00:00","twitter_card":"summary_large_image","twitter_misc":{"Gesch\u00e4tzte Lesezeit":"5\u00a0Minuten"},"schema":{"@context":"https:\/\/schema.org","@graph":[{"@type":"WebPage","@id":"https:\/\/www.galinscy.pl\/de\/geotextilien\/","url":"https:\/\/www.galinscy.pl\/de\/geotextilien\/","name":"Geotextilien - Galinscy.pl","isPartOf":{"@id":"https:\/\/www.galinscy.pl\/de\/#website"},"datePublished":"2023-10-25T16:14:57+00:00","dateModified":"2024-01-19T14:37:57+00:00","breadcrumb":{"@id":"https:\/\/www.galinscy.pl\/de\/geotextilien\/#breadcrumb"},"inLanguage":"de","potentialAction":[{"@type":"ReadAction","target":["https:\/\/www.galinscy.pl\/de\/geotextilien\/"]}]},{"@type":"BreadcrumbList","@id":"https:\/\/www.galinscy.pl\/de\/geotextilien\/#breadcrumb","itemListElement":[{"@type":"ListItem","position":1,"name":"Strona g\u0142\u00f3wna","item":"https:\/\/www.galinscy.pl\/de\/"},{"@type":"ListItem","position":2,"name":"Geotextilien"}]},{"@type":"WebSite","@id":"https:\/\/www.galinscy.pl\/de\/#website","url":"https:\/\/www.galinscy.pl\/de\/","name":"Galinscy.pl","description":"folie Izolacyjne, geow\u0142&oacute;kniny i folie na oczka wodne","potentialAction":[{"@type":"SearchAction","target":{"@type":"EntryPoint","urlTemplate":"https:\/\/www.galinscy.pl\/de\/?s={search_term_string}"},"query-input":{"@type":"PropertyValueSpecification","valueRequired":true,"valueName":"search_term_string"}}],"inLanguage":"de"}]}},"_links":{"self":[{"href":"https:\/\/www.galinscy.pl\/de\/wp-json\/wp\/v2\/pages\/416","targetHints":{"allow":["GET"]}}],"collection":[{"href":"https:\/\/www.galinscy.pl\/de\/wp-json\/wp\/v2\/pages"}],"about":[{"href":"https:\/\/www.galinscy.pl\/de\/wp-json\/wp\/v2\/types\/page"}],"author":[{"embeddable":true,"href":"https:\/\/www.galinscy.pl\/de\/wp-json\/wp\/v2\/users\/1"}],"replies":[{"embeddable":true,"href":"https:\/\/www.galinscy.pl\/de\/wp-json\/wp\/v2\/comments?post=416"}],"version-history":[{"count":0,"href":"https:\/\/www.galinscy.pl\/de\/wp-json\/wp\/v2\/pages\/416\/revisions"}],"wp:attachment":[{"href":"https:\/\/www.galinscy.pl\/de\/wp-json\/wp\/v2\/media?parent=416"}],"curies":[{"name":"wp","href":"https:\/\/api.w.org\/{rel}","templated":true}]}}